{"id":1287,"date":"2025-01-02T19:26:18","date_gmt":"2025-01-02T18:26:18","guid":{"rendered":"https:\/\/www.diversea.fr\/v2\/?page_id=1287"},"modified":"2025-11-07T10:05:44","modified_gmt":"2025-11-07T09:05:44","slug":"formations","status":"publish","type":"page","link":"https:\/\/www.diversea.fr\/v2\/formations\/","title":{"rendered":"Formations"},"content":{"rendered":"<p>[et_pb_section bb_built=\u00a0\u00bb1&Prime; _builder_version=\u00a0\u00bb3.14&Prime; background_image=\u00a0\u00bbhttps:\/\/www.diversea.fr\/v2\/wp-content\/uploads\/2018\/11\/fond4.jpg\u00a0\u00bb next_background_color=\u00a0\u00bb#9dd865&Prime;][et_pb_row _builder_version=\u00a0\u00bb3.14&Prime;][et_pb_column type=\u00a0\u00bb4_4&Prime;][et_pb_text admin_label=\u00a0\u00bbTitre\u00a0\u00bb background_layout=\u00a0\u00bbdark\u00a0\u00bb text_orientation=\u00a0\u00bbcenter\u00a0\u00bb use_border_color=\u00a0\u00bboff\u00a0\u00bb background_position=\u00a0\u00bbtop_left\u00a0\u00bb background_repeat=\u00a0\u00bbrepeat\u00a0\u00bb background_size=\u00a0\u00bbinitial\u00a0\u00bb module_alignment=\u00a0\u00bbcenter\u00a0\u00bb _builder_version=\u00a0\u00bb3.14&Prime; saved_tabs=\u00a0\u00bball\u00a0\u00bb text_font=\u00a0\u00bbGeorgia||||||||\u00a0\u00bb]<\/p>\n<p><span style=\"font-size: 24pt;\">Formation<\/span><\/p>\n<p>[\/et_pb_text][\/et_pb_column][\/et_pb_row][\/et_pb_section][et_pb_section bb_built=\u00a0\u00bb1&Prime; fullwidth=\u00a0\u00bbon\u00a0\u00bb specialty=\u00a0\u00bboff\u00a0\u00bb background_color=\u00a0\u00bb#9dd865&Prime; parallax_method=\u00a0\u00bboff\u00a0\u00bb custom_padding_tablet=\u00a0\u00bb50px|0|50px|0&Prime; custom_padding_last_edited=\u00a0\u00bbon|desktop\u00a0\u00bb next_background_color=\u00a0\u00bb#ffffff\u00a0\u00bb _builder_version=\u00a0\u00bb3.14&Prime; prev_background_color=\u00a0\u00bb#ffffff\u00a0\u00bb][et_pb_fullwidth_menu admin_label=\u00a0\u00bbMenu principal\u00a0\u00bb menu_id=\u00a0\u00bb2&Prime; background_color=\u00a0\u00bb#decfd7&Prime; background_layout=\u00a0\u00bblight\u00a0\u00bb text_orientation=\u00a0\u00bbleft\u00a0\u00bb submenu_direction=\u00a0\u00bbdownwards\u00a0\u00bb fullwidth_menu=\u00a0\u00bboff\u00a0\u00bb dropdown_menu_animation=\u00a0\u00bbfade\u00a0\u00bb module_id=\u00a0\u00bbmenu_principal\u00a0\u00bb dropdown_menu_bg_color=\u00a0\u00bb#decfd7&Prime; dropdown_menu_text_color=\u00a0\u00bb#6f6f6f\u00a0\u00bb menu_font=\u00a0\u00bbRoboto Light||||\u00a0\u00bb menu_text_color=\u00a0\u00bb#000000&Prime; dropdown_menu_line_color=\u00a0\u00bb#0093ef\u00a0\u00bb menu_font_size=\u00a0\u00bb16px\u00a0\u00bb active_link_color=\u00a0\u00bb#ffffff\u00a0\u00bb \/][\/et_pb_section][et_pb_section bb_built=\u00a0\u00bb1&Prime; specialty=\u00a0\u00bboff\u00a0\u00bb _builder_version=\u00a0\u00bb3.14&Prime; prev_background_color=\u00a0\u00bb#9dd865&Prime; next_background_color=\u00a0\u00bb#000000&Prime;][et_pb_row][et_pb_column type=\u00a0\u00bb1_4&Prime;][et_pb_text admin_label=\u00a0\u00bbDiagnostic conseil\u00a0\u00bb text_orientation=\u00a0\u00bbcenter\u00a0\u00bb use_border_color=\u00a0\u00bboff\u00a0\u00bb border_color=\u00a0\u00bb#ffffff\u00a0\u00bb border_style=\u00a0\u00bbsolid\u00a0\u00bb module_class=\u00a0\u00bbcontenu_title\u00a0\u00bb background_position=\u00a0\u00bbtop_left\u00a0\u00bb background_repeat=\u00a0\u00bbrepeat\u00a0\u00bb background_size=\u00a0\u00bbinitial\u00a0\u00bb module_alignment=\u00a0\u00bbcenter\u00a0\u00bb _builder_version=\u00a0\u00bb3.14&Prime; animation_style=\u00a0\u00bbfade\u00a0\u00bb]<\/p>\n<h2 style=\"text-align: center;\">Handicap<\/h2>\n<p><a href=\"https:\/\/www.diversea.fr\/v2\/wp-content\/uploads\/2018\/11\/formation.png\"><img loading=\"lazy\" decoding=\"async\" class=\"aligncenter wp-image-1291 size-full\" src=\"https:\/\/www.diversea.fr\/v2\/wp-content\/uploads\/2018\/11\/formation.png\" alt=\"formation\" width=\"175\" height=\"174\" srcset=\"https:\/\/www.diversea.fr\/v2\/wp-content\/uploads\/2018\/11\/formation.png 175w, https:\/\/www.diversea.fr\/v2\/wp-content\/uploads\/2018\/11\/formation-150x150.png 150w\" sizes=\"(max-width: 175px) 100vw, 175px\" \/><\/a><\/p>\n<p>[\/et_pb_text][\/et_pb_column][et_pb_column type=\u00a0\u00bb1_4&Prime;][et_pb_text admin_label=\u00a0\u00bbDiagnostic conseil\u00a0\u00bb text_orientation=\u00a0\u00bbcenter\u00a0\u00bb use_border_color=\u00a0\u00bboff\u00a0\u00bb border_color=\u00a0\u00bb#ffffff\u00a0\u00bb border_style=\u00a0\u00bbsolid\u00a0\u00bb module_class=\u00a0\u00bbcontenu_title\u00a0\u00bb background_position=\u00a0\u00bbtop_left\u00a0\u00bb background_repeat=\u00a0\u00bbrepeat\u00a0\u00bb background_size=\u00a0\u00bbinitial\u00a0\u00bb module_alignment=\u00a0\u00bbcenter\u00a0\u00bb _builder_version=\u00a0\u00bb3.14&Prime; animation_style=\u00a0\u00bbfade\u00a0\u00bb animation_delay=\u00a0\u00bb450ms\u00a0\u00bb]<\/p>\n<h2 style=\"text-align: center;\">Diversit\u00e9<\/h2>\n<p><a href=\"https:\/\/www.diversea.fr\/v2\/wp-content\/uploads\/2018\/11\/formation.png\"><img loading=\"lazy\" decoding=\"async\" class=\"aligncenter wp-image-1291 size-full\" src=\"https:\/\/www.diversea.fr\/v2\/wp-content\/uploads\/2018\/11\/formation.png\" alt=\"formation\" width=\"175\" height=\"174\" srcset=\"https:\/\/www.diversea.fr\/v2\/wp-content\/uploads\/2018\/11\/formation.png 175w, https:\/\/www.diversea.fr\/v2\/wp-content\/uploads\/2018\/11\/formation-150x150.png 150w\" sizes=\"(max-width: 175px) 100vw, 175px\" \/><\/a><\/p>\n<p>[\/et_pb_text][\/et_pb_column][et_pb_column type=\u00a0\u00bb1_4&Prime;][et_pb_text admin_label=\u00a0\u00bbDiagnostic conseil\u00a0\u00bb text_orientation=\u00a0\u00bbcenter\u00a0\u00bb use_border_color=\u00a0\u00bboff\u00a0\u00bb border_color=\u00a0\u00bb#ffffff\u00a0\u00bb border_style=\u00a0\u00bbsolid\u00a0\u00bb module_class=\u00a0\u00bbcontenu_title\u00a0\u00bb background_position=\u00a0\u00bbtop_left\u00a0\u00bb background_repeat=\u00a0\u00bbrepeat\u00a0\u00bb background_size=\u00a0\u00bbinitial\u00a0\u00bb module_alignment=\u00a0\u00bbcenter\u00a0\u00bb _builder_version=\u00a0\u00bb3.14&Prime; animation_style=\u00a0\u00bbfade\u00a0\u00bb animation_delay=\u00a0\u00bb850ms\u00a0\u00bb]<\/p>\n<h2 style=\"text-align: center;\">Sant\u00e9 \/ QVT<\/h2>\n<p><a href=\"https:\/\/www.diversea.fr\/v2\/wp-content\/uploads\/2018\/11\/formation.png\"><img loading=\"lazy\" decoding=\"async\" class=\"aligncenter wp-image-1291 size-full\" src=\"https:\/\/www.diversea.fr\/v2\/wp-content\/uploads\/2018\/11\/formation.png\" alt=\"formation\" width=\"175\" height=\"174\" srcset=\"https:\/\/www.diversea.fr\/v2\/wp-content\/uploads\/2018\/11\/formation.png 175w, https:\/\/www.diversea.fr\/v2\/wp-content\/uploads\/2018\/11\/formation-150x150.png 150w\" sizes=\"(max-width: 175px) 100vw, 175px\" \/><\/a><\/p>\n<p>[\/et_pb_text][\/et_pb_column][et_pb_column type=\u00a0\u00bb1_4&Prime;][et_pb_text admin_label=\u00a0\u00bbDiagnostic conseil\u00a0\u00bb text_orientation=\u00a0\u00bbcenter\u00a0\u00bb use_border_color=\u00a0\u00bboff\u00a0\u00bb border_color=\u00a0\u00bb#ffffff\u00a0\u00bb border_style=\u00a0\u00bbsolid\u00a0\u00bb module_class=\u00a0\u00bbcontenu_title\u00a0\u00bb background_position=\u00a0\u00bbtop_left\u00a0\u00bb background_repeat=\u00a0\u00bbrepeat\u00a0\u00bb background_size=\u00a0\u00bbinitial\u00a0\u00bb module_alignment=\u00a0\u00bbcenter\u00a0\u00bb _builder_version=\u00a0\u00bb3.14&Prime; animation_style=\u00a0\u00bbfade\u00a0\u00bb animation_delay=\u00a0\u00bb1250ms\u00a0\u00bb]<\/p>\n<h2 style=\"text-align: center;\">Module inter-entreprise !<\/h2>\n<p><a href=\"https:\/\/www.diversea.fr\/v2\/wp-content\/uploads\/2018\/11\/formation.png\"><img loading=\"lazy\" decoding=\"async\" class=\"aligncenter wp-image-1291 size-full\" src=\"https:\/\/www.diversea.fr\/v2\/wp-content\/uploads\/2018\/11\/formation.png\" alt=\"formation\" width=\"175\" height=\"174\" srcset=\"https:\/\/www.diversea.fr\/v2\/wp-content\/uploads\/2018\/11\/formation.png 175w, https:\/\/www.diversea.fr\/v2\/wp-content\/uploads\/2018\/11\/formation-150x150.png 150w\" sizes=\"(max-width: 175px) 100vw, 175px\" \/><\/a><\/p>\n<p>[\/et_pb_text][\/et_pb_column][\/et_pb_row][\/et_pb_section][et_pb_section bb_built=\u00a0\u00bb1&Prime; fullwidth=\u00a0\u00bboff\u00a0\u00bb specialty=\u00a0\u00bboff\u00a0\u00bb prev_background_color=\u00a0\u00bb#000000&Prime; next_background_color=\u00a0\u00bb#000000&Prime;][et_pb_row][et_pb_column type=\u00a0\u00bb1_2&Prime;][et_pb_text _builder_version=\u00a0\u00bb3.14&Prime;]<\/p>\n<p><span style=\"font-size: 14pt; color: #800080;\"><strong>Nos atouts\u2026<\/strong><\/span><\/p>\n<ul>\n<li><span style=\"font-size: 12pt;\">Des modules pas \u00e0 pas pour <span style=\"color: #993366;\">tous niveaux<\/span> et <span style=\"color: #993366;\">toutes fonctions<\/span><\/span><\/li>\n<li><span style=\"font-size: 12pt;\">L&rsquo;apport conjugu\u00e9 du <span style=\"color: #993366;\">th\u00e9orie<\/span> et de la <span style=\"color: #993366;\">pratique<\/span><\/span><\/li>\n<li><span style=\"font-size: 12pt;\">Des exemples concrets et r\u00e9els issus de <span style=\"color: #993366;\">30 ans de m\u00e9tier<\/span><\/span><\/li>\n<\/ul>\n<p>[\/et_pb_text][\/et_pb_column][et_pb_column type=\u00a0\u00bb1_2&Prime;][et_pb_text _builder_version=\u00a0\u00bb3.14&Prime;]<\/p>\n<p><strong><span style=\"font-size: 14pt; color: #800080;\">Votre r\u00e9ussite\u2026<\/span><br \/><\/strong><\/p>\n<ul>\n<li><span style=\"font-size: 12pt;\">Une <span style=\"color: #993366;\">mont\u00e9e en comp\u00e9tence<\/span> progressive<\/span><\/li>\n<li><span style=\"font-size: 12pt;\">Des process <span style=\"color: #800080;\"><span style=\"color: #993366;\">reproductibles en entreprise<\/span><\/span><\/span><\/li>\n<li><span style=\"font-size: 12pt;\">Des formations concr\u00e8tes et ludiques adapt\u00e9s \u00e0 vos m\u00e9tiers<\/span><\/li>\n<\/ul>\n<p>[\/et_pb_text][\/et_pb_column][\/et_pb_row][\/et_pb_section][et_pb_section bb_built=\u00a0\u00bb1&Prime; specialty=\u00a0\u00bboff\u00a0\u00bb _builder_version=\u00a0\u00bb3.14&Prime; prev_background_color=\u00a0\u00bb#000000&Prime; next_background_color=\u00a0\u00bb#000000&Prime;][et_pb_row background_position=\u00a0\u00bbtop_left\u00a0\u00bb background_repeat=\u00a0\u00bbrepeat\u00a0\u00bb background_size=\u00a0\u00bbinitial\u00a0\u00bb][et_pb_column type=\u00a0\u00bb1_4&Prime;][et_pb_text admin_label=\u00a0\u00bbDiagnostic conseil\u00a0\u00bb text_orientation=\u00a0\u00bbcenter\u00a0\u00bb use_border_color=\u00a0\u00bboff\u00a0\u00bb border_color=\u00a0\u00bb#ffffff\u00a0\u00bb border_style=\u00a0\u00bbsolid\u00a0\u00bb module_class=\u00a0\u00bbcontenu_title\u00a0\u00bb background_position=\u00a0\u00bbtop_left\u00a0\u00bb background_repeat=\u00a0\u00bbrepeat\u00a0\u00bb background_size=\u00a0\u00bbinitial\u00a0\u00bb module_alignment=\u00a0\u00bbcenter\u00a0\u00bb _builder_version=\u00a0\u00bb3.14&Prime;]<\/p>\n<h2 style=\"text-align: right;\">Formations handicap<\/h2>\n<p><a href=\"https:\/\/www.diversea.fr\/v2\/wp-content\/uploads\/2018\/11\/formation.png\"><img loading=\"lazy\" decoding=\"async\" class=\"aligncenter wp-image-1291 size-full\" src=\"https:\/\/www.diversea.fr\/v2\/wp-content\/uploads\/2018\/11\/formation.png\" alt=\"formation\" width=\"175\" height=\"174\" srcset=\"https:\/\/www.diversea.fr\/v2\/wp-content\/uploads\/2018\/11\/formation.png 175w, https:\/\/www.diversea.fr\/v2\/wp-content\/uploads\/2018\/11\/formation-150x150.png 150w\" sizes=\"(max-width: 175px) 100vw, 175px\" \/><\/a><\/p>\n<p>[\/et_pb_text][\/et_pb_column][et_pb_column type=\u00a0\u00bb3_4&Prime;][et_pb_text use_border_color=\u00a0\u00bboff\u00a0\u00bb border_color=\u00a0\u00bb#ffffff\u00a0\u00bb border_style=\u00a0\u00bbsolid\u00a0\u00bb background_position=\u00a0\u00bbtop_left\u00a0\u00bb background_repeat=\u00a0\u00bbrepeat\u00a0\u00bb background_size=\u00a0\u00bbinitial\u00a0\u00bb _builder_version=\u00a0\u00bb3.14&Prime;]<\/p>\n<ul>\n<li>\n<h4><strong>Sensibilisations handicap tout public : 2 heures (en intra-entreprises strictement)\u00a0<\/strong><\/h4>\n<\/li>\n<li>\n<h4><strong>Manager la diff\u00e9rence : 0,5 jour<\/strong><\/h4>\n<\/li>\n<li>\n<h4><strong>R\u00e9f\u00e8rent handicap ou m\u00e9diateur : 1 jour<\/strong><\/h4>\n<\/li>\n<\/ul>\n<p>[\/et_pb_text][\/et_pb_column][\/et_pb_row][\/et_pb_section][et_pb_section bb_built=\u00a0\u00bb1&Prime; specialty=\u00a0\u00bboff\u00a0\u00bb _builder_version=\u00a0\u00bb3.14&Prime; prev_background_color=\u00a0\u00bb#000000&Prime; next_background_color=\u00a0\u00bb#000000&Prime;][et_pb_row background_position=\u00a0\u00bbtop_left\u00a0\u00bb background_repeat=\u00a0\u00bbrepeat\u00a0\u00bb background_size=\u00a0\u00bbinitial\u00a0\u00bb][et_pb_column type=\u00a0\u00bb1_4&Prime;][et_pb_text admin_label=\u00a0\u00bbDiagnostic conseil\u00a0\u00bb text_orientation=\u00a0\u00bbcenter\u00a0\u00bb use_border_color=\u00a0\u00bboff\u00a0\u00bb border_color=\u00a0\u00bb#ffffff\u00a0\u00bb border_style=\u00a0\u00bbsolid\u00a0\u00bb module_class=\u00a0\u00bbcontenu_title\u00a0\u00bb background_position=\u00a0\u00bbtop_left\u00a0\u00bb background_repeat=\u00a0\u00bbrepeat\u00a0\u00bb background_size=\u00a0\u00bbinitial\u00a0\u00bb module_alignment=\u00a0\u00bbcenter\u00a0\u00bb _builder_version=\u00a0\u00bb3.14&Prime;]<\/p>\n<h2 style=\"text-align: right;\">Formations diversit\u00e9 et inclusion<\/h2>\n<p><a href=\"https:\/\/www.diversea.fr\/v2\/wp-content\/uploads\/2018\/11\/formation.png\"><img loading=\"lazy\" decoding=\"async\" class=\"aligncenter wp-image-1291 size-full\" src=\"https:\/\/www.diversea.fr\/v2\/wp-content\/uploads\/2018\/11\/formation.png\" alt=\"formation\" width=\"175\" height=\"174\" srcset=\"https:\/\/www.diversea.fr\/v2\/wp-content\/uploads\/2018\/11\/formation.png 175w, https:\/\/www.diversea.fr\/v2\/wp-content\/uploads\/2018\/11\/formation-150x150.png 150w\" sizes=\"(max-width: 175px) 100vw, 175px\" \/><\/a><\/p>\n<p>[\/et_pb_text][\/et_pb_column][et_pb_column type=\u00a0\u00bb3_4&Prime;][et_pb_text use_border_color=\u00a0\u00bboff\u00a0\u00bb border_color=\u00a0\u00bb#ffffff\u00a0\u00bb border_style=\u00a0\u00bbsolid\u00a0\u00bb background_position=\u00a0\u00bbtop_left\u00a0\u00bb background_repeat=\u00a0\u00bbrepeat\u00a0\u00bb background_size=\u00a0\u00bbinitial\u00a0\u00bb _builder_version=\u00a0\u00bb3.14&Prime;]<\/p>\n<ul>\n<li>\n<h4>R\u00e9f\u00e8rent diversit\u00e9 : 1 jour<\/h4>\n<\/li>\n<li>\n<h4>Recruter sans discrimination :\u00a0 0,5 jour<\/h4>\n<\/li>\n<li>\n<h4>Pr\u00e9vention des violences sexistes et sexuelles : 0,5\u00a0 jour<\/h4>\n<\/li>\n<li>\n<h4>Sensibilisation \u00e0 l&rsquo;interg\u00e9n\u00e9rationnel (en intra-entreprise strictement) : 2 heures<\/h4>\n<\/li>\n<\/ul>\n<p><span style=\"font-size: 12pt;\">\u00a0<\/span><\/p>\n<p>[\/et_pb_text][\/et_pb_column][\/et_pb_row][\/et_pb_section][et_pb_section bb_built=\u00a0\u00bb1&Prime; specialty=\u00a0\u00bboff\u00a0\u00bb _builder_version=\u00a0\u00bb3.14&Prime; prev_background_color=\u00a0\u00bb#000000&Prime; next_background_color=\u00a0\u00bb#000000&Prime;][et_pb_row background_position=\u00a0\u00bbtop_left\u00a0\u00bb background_repeat=\u00a0\u00bbrepeat\u00a0\u00bb background_size=\u00a0\u00bbinitial\u00a0\u00bb][et_pb_column type=\u00a0\u00bb1_4&Prime;][et_pb_text admin_label=\u00a0\u00bbDiagnostic conseil\u00a0\u00bb text_orientation=\u00a0\u00bbcenter\u00a0\u00bb use_border_color=\u00a0\u00bboff\u00a0\u00bb border_color=\u00a0\u00bb#ffffff\u00a0\u00bb border_style=\u00a0\u00bbsolid\u00a0\u00bb module_class=\u00a0\u00bbcontenu_title\u00a0\u00bb background_position=\u00a0\u00bbtop_left\u00a0\u00bb background_repeat=\u00a0\u00bbrepeat\u00a0\u00bb background_size=\u00a0\u00bbinitial\u00a0\u00bb module_alignment=\u00a0\u00bbcenter\u00a0\u00bb _builder_version=\u00a0\u00bb3.14&Prime;]<\/p>\n<h2 style=\"text-align: right;\">Formations Sant\u00e9 \/ QVT<\/h2>\n<p><a href=\"https:\/\/www.diversea.fr\/v2\/wp-content\/uploads\/2018\/11\/formation.png\"><img loading=\"lazy\" decoding=\"async\" class=\"aligncenter wp-image-1291 size-full\" src=\"https:\/\/www.diversea.fr\/v2\/wp-content\/uploads\/2018\/11\/formation.png\" alt=\"formation\" width=\"175\" height=\"174\" srcset=\"https:\/\/www.diversea.fr\/v2\/wp-content\/uploads\/2018\/11\/formation.png 175w, https:\/\/www.diversea.fr\/v2\/wp-content\/uploads\/2018\/11\/formation-150x150.png 150w\" sizes=\"(max-width: 175px) 100vw, 175px\" \/><\/a><\/p>\n<p>[\/et_pb_text][\/et_pb_column][et_pb_column type=\u00a0\u00bb3_4&Prime;][et_pb_text use_border_color=\u00a0\u00bboff\u00a0\u00bb border_color=\u00a0\u00bb#ffffff\u00a0\u00bb border_style=\u00a0\u00bbsolid\u00a0\u00bb background_position=\u00a0\u00bbtop_left\u00a0\u00bb background_repeat=\u00a0\u00bbrepeat\u00a0\u00bb background_size=\u00a0\u00bbinitial\u00a0\u00bb _builder_version=\u00a0\u00bb3.14&Prime;]<\/p>\n<ul>\n<li>\n<h4>Pr\u00e9vention des troubles musculosquelettiques : 0,5 jours\u00a0<\/h4>\n<\/li>\n<li>\n<h4>Pr\u00e9vention du milieu bureautique (en intra-entreprise strictement) : 0,5 jour<\/h4>\n<\/li>\n<li>\n<h4>R\u00e9f\u00e8rent harc\u00e8lement : 0,5 jour<\/h4>\n<\/li>\n<li>\n<h4>Pr\u00e9venir les risques psycho-sociaux (en intra-entreprise strictement)<\/h4>\n<\/li>\n<\/ul>\n<p><span style=\"font-size: 12pt;\">\u00a0<\/span><\/p>\n<p>[\/et_pb_text][\/et_pb_column][\/et_pb_row][\/et_pb_section][et_pb_section bb_built=\u00a0\u00bb1&Prime; specialty=\u00a0\u00bboff\u00a0\u00bb _builder_version=\u00a0\u00bb3.14&Prime; prev_background_color=\u00a0\u00bb#000000&Prime;][et_pb_row background_position=\u00a0\u00bbtop_left\u00a0\u00bb background_repeat=\u00a0\u00bbrepeat\u00a0\u00bb background_size=\u00a0\u00bbinitial\u00a0\u00bb][et_pb_column type=\u00a0\u00bb1_4&Prime;][et_pb_text admin_label=\u00a0\u00bbDiagnostic conseil\u00a0\u00bb text_orientation=\u00a0\u00bbcenter\u00a0\u00bb use_border_color=\u00a0\u00bboff\u00a0\u00bb border_color=\u00a0\u00bb#ffffff\u00a0\u00bb border_style=\u00a0\u00bbsolid\u00a0\u00bb module_class=\u00a0\u00bbcontenu_title\u00a0\u00bb background_position=\u00a0\u00bbtop_left\u00a0\u00bb background_repeat=\u00a0\u00bbrepeat\u00a0\u00bb background_size=\u00a0\u00bbinitial\u00a0\u00bb module_alignment=\u00a0\u00bbcenter\u00a0\u00bb _builder_version=\u00a0\u00bb3.14&Prime;]<\/p>\n<h2 style=\"text-align: right;\">Modules inter entreprises\u00a0<\/h2>\n<p><a href=\"https:\/\/www.diversea.fr\/v2\/wp-content\/uploads\/2018\/11\/formation.png\"><img loading=\"lazy\" decoding=\"async\" class=\"aligncenter wp-image-1291 size-full\" src=\"https:\/\/www.diversea.fr\/v2\/wp-content\/uploads\/2018\/11\/formation.png\" alt=\"formation\" width=\"175\" height=\"174\" srcset=\"https:\/\/www.diversea.fr\/v2\/wp-content\/uploads\/2018\/11\/formation.png 175w, https:\/\/www.diversea.fr\/v2\/wp-content\/uploads\/2018\/11\/formation-150x150.png 150w\" sizes=\"(max-width: 175px) 100vw, 175px\" \/><\/a><\/p>\n<p>[\/et_pb_text][\/et_pb_column][et_pb_column type=\u00a0\u00bb3_4&Prime;][et_pb_text use_border_color=\u00a0\u00bboff\u00a0\u00bb border_color=\u00a0\u00bb#ffffff\u00a0\u00bb border_style=\u00a0\u00bbsolid\u00a0\u00bb background_position=\u00a0\u00bbtop_left\u00a0\u00bb background_repeat=\u00a0\u00bbrepeat\u00a0\u00bb background_size=\u00a0\u00bbinitial\u00a0\u00bb _builder_version=\u00a0\u00bb3.14&Prime;]<\/p>\n<p><span style=\"font-size: 14pt;\"><strong><span style=\"color: #521977;\">Formations en inter entreprises\u00a0<\/span><\/strong><\/span><\/p>\n<p>Formations dispens\u00e9es \u00e0 Nantes sur notre site (Nantes \u00e0 proximit\u00e9 de la gare nord)<\/p>\n<ul>\n<li>\n<h4>R\u00e9f\u00e9rent handicap<\/h4>\n<\/li>\n<li>\n<h4>R\u00e9f\u00e8rent diversit\u00e9\u00a0<\/h4>\n<\/li>\n<li>\n<h4>R\u00e9f\u00e9rent harc\u00e8lement<\/h4>\n<\/li>\n<\/ul>\n<p><span style=\"font-size: 12pt;\">\u00a0<\/span><\/p>\n<p>[\/et_pb_text][\/et_pb_column][\/et_pb_row][\/et_pb_section]<\/p>\n\n\n<figure class=\"wp-block-pullquote\"><blockquote><p><\/p><\/blockquote><\/figure>\n\n\n\n\n\n<blockquote class=\"wp-block-quote is-layout-flow wp-block-quote-is-layout-flow\">\n<p><\/p>\n<\/blockquote>\n","protected":false},"excerpt":{"rendered":"<p>Formation <div class=\"et_pb_row et_pb_row_0 et_pb_row_empty\">\n\t\t\t\t\n\t\t\t\t\n\t\t\t\t\n\t\t\t\t\n\t\t\t\t\n\t\t\t<\/div> Handicap Diversit\u00e9 Sant\u00e9 \/ QVT Module inter-entreprise ! <div class=\"et_pb_row et_pb_row_1 et_pb_row_empty\">\n\t\t\t\t\n\t\t\t\t\n\t\t\t\t\n\t\t\t\t\n\t\t\t\t\n\t\t\t<\/div> Nos atouts\u2026 Des modules pas \u00e0 pas pour tous niveaux et toutes fonctions L&rsquo;apport conjugu\u00e9 du th\u00e9orie et de la pratique Des exemples concrets et r\u00e9els issus de 30 ans de m\u00e9tier Votre r\u00e9ussite\u2026 Une mont\u00e9e en comp\u00e9tence progressive Des process reproductibles en entreprise [&hellip;]<\/p>\n","protected":false},"author":2,"featured_media":0,"parent":0,"menu_order":0,"comment_status":"closed","ping_status":"closed","template":"","meta":{"_et_pb_use_builder":"on","_et_pb_old_content":"","_et_gb_content_width":"","footnotes":""},"class_list":["post-1287","page","type-page","status-publish","hentry"],"_links":{"self":[{"href":"https:\/\/www.diversea.fr\/v2\/wp-json\/wp\/v2\/pages\/1287","targetHints":{"allow":["GET"]}}],"collection":[{"href":"https:\/\/www.diversea.fr\/v2\/wp-json\/wp\/v2\/pages"}],"about":[{"href":"https:\/\/www.diversea.fr\/v2\/wp-json\/wp\/v2\/types\/page"}],"author":[{"embeddable":true,"href":"https:\/\/www.diversea.fr\/v2\/wp-json\/wp\/v2\/users\/2"}],"replies":[{"embeddable":true,"href":"https:\/\/www.diversea.fr\/v2\/wp-json\/wp\/v2\/comments?post=1287"}],"version-history":[{"count":31,"href":"https:\/\/www.diversea.fr\/v2\/wp-json\/wp\/v2\/pages\/1287\/revisions"}],"predecessor-version":[{"id":1564,"href":"https:\/\/www.diversea.fr\/v2\/wp-json\/wp\/v2\/pages\/1287\/revisions\/1564"}],"wp:attachment":[{"href":"https:\/\/www.diversea.fr\/v2\/wp-json\/wp\/v2\/media?parent=1287"}],"curies":[{"name":"wp","href":"https:\/\/api.w.org\/{rel}","templated":true}]}}